{"id":765,"date":"2024-11-30T01:52:49","date_gmt":"2024-11-30T00:52:49","guid":{"rendered":"http:\/\/fhlp.org\/konferencja\/?page_id=765"},"modified":"2024-12-02T16:04:36","modified_gmt":"2024-12-02T15:04:36","slug":"urbaniak-pawel","status":"publish","type":"page","link":"http:\/\/fhlp.org\/konferencja\/urbaniak-pawel\/","title":{"rendered":"Urbaniak Pawe\u0142"},"content":{"rendered":"<p><img decoding=\"async\" src=\"\/konferencja\/images\/Konferencja_organizatorzy.jpg\"><br \/>\n[space height=&#8221;22&#8243;]<br \/>\n[divider]<br \/>\n[space height=&#8221;45&#8243;]<\/p>\n<h2 style=\"line-height: 26px;\">Teksty autorstwa Urbaniak Pawe\u0142 mo\u017cna znale\u017a\u0107 w publikacjach:<\/h2>\n<p>\n[space height=&#8221;19&#8243;]<br \/>\n[divider]<br \/>\n[space height=&#8221;40&#8243;]<br \/>\n[column col=1\/4]<a href=\"\/konferencja\/flipbook\/za-linia-wroga\/\"><img decoding=\"async\" border=0 src=\"\/konferencja\/images\/Koszalin_2015_okladka_small.jpg\"><\/a>[\/column]\r\n[column col=1\/4]\r\n<h3 style=\"line-height: 26px;\">Za lini\u0105 wroga<\/h3><br>\r\n16 maja 2015 r.<br><br>\r\n<a href=\"\/konferencja\/za-linia-wroga\/\">Spis tre\u015bci<\/a><br>\r\n[\/column][column col=1\/4] [\/column]\r\n[column col=1\/4] [\/column]<\/p>\n[space height=\"32\"]\r\n[divider]\r\n[space height=\"25\"]\r\n<div style=\"line-height: 1.8\";>\r\n<span style=\"color:#383838; font-size: 18px;\">Autorzy:<\/span>\u00a0 \u00a0<a style=\"font-size: 18px;\" href=\"\/konferencja\/bakun-maciej\/\">Bakun Maciej<\/a> | <a href=\"\/konferencja\/blasiak-stanislaw\/\">B\u0142asiak Stanis\u0142aw<\/a> | <a href=\"\/konferencja\/charytoniuk-zbigniew\/\">Charytoniuk Zbigniew<\/a> | <a href=\"\/konferencja\/cieslikowa-agnieszka\/\">Cie\u015blikowa Agnieszka<\/a> | <a href=\"\/konferencja\/danilko-malgorzata\/\">Dani\u0142ko Ma\u0142gorzata<\/a> | <a href=\"\/konferencja\/gadacz-remigiusz\/\">Gadacz Remigiusz<\/a> | <a href=\"\/konferencja\/gil-jakub\/\">Gil Jakub<\/a> | <a style=\"font-size: 18px;\" href=\"\/konferencja\/gretzyngier-robert\/\">Gretzyngier Robert<\/a> | <a href=\"\/konferencja\/hodyra-piotr\/\">Hodyra Piotr<\/a> | <a href=\"\/konferencja\/jaremczuk-edward-janusz\/\">Jaremczuk Edward Janusz<\/a> | <a href=\"\/konferencja\/jarski-adam\">Jarski Adam<\/a> | <a href=\"\/konferencja\/kaczmarczyk-wieslaw\/\">Kaczmarczyk Wies\u0142aw<\/a> | <a href=\"\/konferencja\/kiszkurno-robert\/\">Kiszkurno Robert<\/a> | <a style=\"font-size: 18px;\" href=\"\/konferencja\/konarski-mariusz\/\">Konarski Mariusz<\/a> | <a href=\"\/konferencja\/korcz-grzegorz\/\">Korcz Grzegorz<\/a> | <a href=\"\/konferencja\/kubala-krzysztof\/\">Kubala Krzysztof<\/a> | <a style=\"font-size: 18px;\" href=\"\/konferencja\/kulczynski-robert\/\">Kulczy\u0144ski Robert<\/a> | <a href=\"\/konferencja\/lewandowski-andrzej\/\">Lewandowski Andrzej<\/a> | <a style=\"font-size: 18px;\" href=\"\/konferencja\/lydzba-lukasz\/\">\u0141yd\u017cba \u0141ukasz<\/a> | <a style=\"font-size: 18px;\" href=\"\/konferencja\/materniak-ireneusz\/\">Materniak Ireneusz<\/a> | <a style=\"font-size: 18px;\" href=\"\/konferencja\/matusiak-wojtek\/\">Matusiak Wojtek<\/a> | <a href=\"\/konferencja\/mazur-wojciech\/\">Mazur Wojciech<\/a> | <a style=\"font-size: 18px;\" href=\"\/konferencja\/niestrawski-mariusz\/\">Niestrawski Mariusz<\/a> | <a href=\"\/konferencja\/parzyszek-dariusz\/\">Parzyszek Dariusz<\/a> | <a href=\"\/konferencja\/rapinski-piotr\/\">Rapi\u0144ski Piotr<\/a> | <a href=\"\/konferencja\/ratuszynski-wilhelm\/\">Ratuszy\u0144ski Wilhelm<\/a> | <a href=\"\/konferencja\/rogusz-marek\/\">Rogusz Marek<\/a> | <a href=\"\/konferencja\/rosiak-krzysztof\/\">Rosiak Krzysztof<\/a> | <a href=\"\/konferencja\/rusiecki-milosz\/\">Rusiecki Mi\u0142osz<\/a> | <a href=\"\/konferencja\/sikorski-adam\/\">Sikorski Adam<\/a> | <a style=\"font-size: 18px;\" href=\"\/konferencja\/sojda-grzegorz\/\">Sojda Grzegorz<\/a> | <a href=\"\/konferencja\/stezala-tomasz-maria\">St\u0119\u017ca\u0142a Tomasz Maria<\/a> | <a style=\"font-size: 18px;\" href=\"\/konferencja\/slizewski-grzegorz\/\">\u015ali\u017cewski Grzegorz<\/a> | <a href=\"\/konferencja\/urbaniak-pawel\/\">Urbaniak Pawe\u0142<\/a> | <a href=\"\/konferencja\/zagozdzon-jacek\/\">Zago\u017cd\u017con Jacek<\/a> | <a style=\"font-size: 18px;\" href=\"\/konferencja\/zmyslony-wojciech\/\">Zmy\u015blony Wojciech<\/a> | <a href=\"\/konferencja\/zabierek-agata\/\">\u017babierek Agata<\/a>\r\n<\/div>\r\n\r\n<style>\r\nimg.icon {\r\n    opacity: 0.5;\r\n    transition: 0.3s;\r\n}\r\nimg.icon:hover {\r\n    opacity: 1.0;\r\n    transition: 0.3s;\r\n}\r\n<\/style>\r\n\r\n[space height=\"24\"]\r\n[divider]\r\n[space height=\"35\"]\r\n[column col=1\/4]<a href=\"http:\/\/fhlp.org\/\" Target=\"New_window\"><img decoding=\"async\" class=\"icon\" border=0 src=\"\/konferencja\/images\/FHLP_logo_icon.jpg\" Width=40><\/a>[\/column][column col=3\/4]<a href=\"https:\/\/www.facebook.com\/Fundacja.Historyczna.Lotnictwa.Polskiego\" Target=\"New_window\"><img decoding=\"async\" class=\"icon\" border=0 src=\"\/konferencja\/images\/facebook_logo_icon.jpg\" Width=40><\/a>[\/column]\r\n[space height=\"25\"]\n","protected":false},"excerpt":{"rendered":"<p>[space height=&#8221;22&#8243;] [divider] [space height=&#8221;45&#8243;] Teksty autorstwa Urbaniak Pawe\u0142 mo\u017cna znale\u017a\u0107 w publikacjach: [space height=&#8221;19&#8243;] [divider] [space height=&#8221;40&#8243;]<\/p>\n","protected":false},"author":1,"featured_media":0,"parent":0,"menu_order":0,"comment_status":"closed","ping_status":"closed","template":"","meta":{"footnotes":""},"class_list":["post-765","page","type-page","status-publish","hentry"],"yoast_head":"<!-- This site is optimized with the Yoast SEO plugin v27.1.1 - https:\/\/yoast.com\/product\/yoast-seo-wordpress\/ -->\n<title>Urbaniak Pawe\u0142 &#8211; Fundacja Historyczna Lotnictwa Polskiego - Materia\u0142y z konferencji popularnonaukowej \u201eHistoria Skrzyd\u0142ami Malowana\u201d<\/title>\n<meta name=\"description\" content=\"Materia\u0142y z konferencji popularnonaukowej \u201eHistoria Skrzyd\u0142ami Malowana\u201d odbywaj\u0105cej si\u0119 dorocznie w Koszalinie.\" \/>\n<meta name=\"robots\" content=\"index, follow, max-snippet:-1, max-image-preview:large, max-video-preview:-1\" \/>\n<link rel=\"canonical\" href=\"http:\/\/fhlp.org\/konferencja\/urbaniak-pawel\/\" \/>\n<meta property=\"og:locale\" content=\"pl_PL\" \/>\n<meta property=\"og:type\" content=\"article\" \/>\n<meta property=\"og:title\" content=\"Urbaniak Pawe\u0142 &#8211; Fundacja Historyczna Lotnictwa Polskiego - Materia\u0142y z konferencji popularnonaukowej \u201eHistoria Skrzyd\u0142ami Malowana\u201d\" \/>\n<meta property=\"og:description\" content=\"Materia\u0142y z konferencji popularnonaukowej \u201eHistoria Skrzyd\u0142ami Malowana\u201d odbywaj\u0105cej si\u0119 dorocznie w Koszalinie.\" \/>\n<meta property=\"og:url\" content=\"http:\/\/fhlp.org\/konferencja\/urbaniak-pawel\/\" \/>\n<meta property=\"og:site_name\" content=\"Fundacja Historyczna Lotnictwa Polskiego - Materia\u0142y z konferencji popularnonaukowej \u201eHistoria Skrzyd\u0142ami Malowana\u201d\" \/>\n<meta property=\"article:publisher\" content=\"https:\/\/www.facebook.com\/Fundacja.Historyczna.Lotnictwa.Polskiego\" \/>\n<meta property=\"article:modified_time\" content=\"2024-12-02T15:04:36+00:00\" \/>\n<meta name=\"twitter:card\" content=\"summary_large_image\" \/>\n<meta name=\"twitter:label1\" content=\"Szacowany czas czytania\" \/>\n\t<meta name=\"twitter:data1\" content=\"1 minuta\" \/>\n<script type=\"application\/ld+json\" class=\"yoast-schema-graph\">{\"@context\":\"https:\/\/schema.org\",\"@graph\":[{\"@type\":\"WebPage\",\"@id\":\"http:\/\/fhlp.org\/konferencja\/urbaniak-pawel\/\",\"url\":\"http:\/\/fhlp.org\/konferencja\/urbaniak-pawel\/\",\"name\":\"Urbaniak Pawe\u0142 &#8211; Fundacja Historyczna Lotnictwa Polskiego - Materia\u0142y z konferencji popularnonaukowej \u201eHistoria Skrzyd\u0142ami Malowana\u201d\",\"isPartOf\":{\"@id\":\"http:\/\/fhlp.org\/konferencja\/#website\"},\"datePublished\":\"2024-11-30T00:52:49+00:00\",\"dateModified\":\"2024-12-02T15:04:36+00:00\",\"description\":\"Materia\u0142y z konferencji popularnonaukowej \u201eHistoria Skrzyd\u0142ami Malowana\u201d odbywaj\u0105cej si\u0119 dorocznie w Koszalinie.\",\"breadcrumb\":{\"@id\":\"http:\/\/fhlp.org\/konferencja\/urbaniak-pawel\/#breadcrumb\"},\"inLanguage\":\"pl-PL\",\"potentialAction\":[{\"@type\":\"ReadAction\",\"target\":[\"http:\/\/fhlp.org\/konferencja\/urbaniak-pawel\/\"]}]},{\"@type\":\"BreadcrumbList\",\"@id\":\"http:\/\/fhlp.org\/konferencja\/urbaniak-pawel\/#breadcrumb\",\"itemListElement\":[{\"@type\":\"ListItem\",\"position\":1,\"name\":\"Strona g\u0142\u00f3wna\",\"item\":\"http:\/\/fhlp.org\/konferencja\/\"},{\"@type\":\"ListItem\",\"position\":2,\"name\":\"Urbaniak Pawe\u0142\"}]},{\"@type\":\"WebSite\",\"@id\":\"http:\/\/fhlp.org\/konferencja\/#website\",\"url\":\"http:\/\/fhlp.org\/konferencja\/\",\"name\":\"Fundacja Historyczna Lotnictwa Polskiego\",\"description\":\"\",\"publisher\":{\"@id\":\"http:\/\/fhlp.org\/konferencja\/#organization\"},\"potentialAction\":[{\"@type\":\"SearchAction\",\"target\":{\"@type\":\"EntryPoint\",\"urlTemplate\":\"http:\/\/fhlp.org\/konferencja\/?s={search_term_string}\"},\"query-input\":{\"@type\":\"PropertyValueSpecification\",\"valueRequired\":true,\"valueName\":\"search_term_string\"}}],\"inLanguage\":\"pl-PL\"},{\"@type\":\"Organization\",\"@id\":\"http:\/\/fhlp.org\/konferencja\/#organization\",\"name\":\"Fundacja Historyczna Lotnictwa Polskiego\",\"url\":\"http:\/\/fhlp.org\/konferencja\/\",\"logo\":{\"@type\":\"ImageObject\",\"inLanguage\":\"pl-PL\",\"@id\":\"http:\/\/fhlp.org\/konferencja\/#\/schema\/logo\/image\/\",\"url\":\"http:\/\/fhlp.org\/konferencja\/wp-content\/uploads\/2024\/12\/Koszalin_2023_okladka_small.jpg\",\"contentUrl\":\"http:\/\/fhlp.org\/konferencja\/wp-content\/uploads\/2024\/12\/Koszalin_2023_okladka_small.jpg\",\"width\":200,\"height\":288,\"caption\":\"Fundacja Historyczna Lotnictwa Polskiego\"},\"image\":{\"@id\":\"http:\/\/fhlp.org\/konferencja\/#\/schema\/logo\/image\/\"},\"sameAs\":[\"https:\/\/www.facebook.com\/Fundacja.Historyczna.Lotnictwa.Polskiego\"]}]}<\/script>\n<!-- \/ Yoast SEO plugin. -->","yoast_head_json":{"title":"Urbaniak Pawe\u0142 &#8211; Fundacja Historyczna Lotnictwa Polskiego - Materia\u0142y z konferencji popularnonaukowej \u201eHistoria Skrzyd\u0142ami Malowana\u201d","description":"Materia\u0142y z konferencji popularnonaukowej \u201eHistoria Skrzyd\u0142ami Malowana\u201d odbywaj\u0105cej si\u0119 dorocznie w Koszalinie.","robots":{"index":"index","follow":"follow","max-snippet":"max-snippet:-1","max-image-preview":"max-image-preview:large","max-video-preview":"max-video-preview:-1"},"canonical":"http:\/\/fhlp.org\/konferencja\/urbaniak-pawel\/","og_locale":"pl_PL","og_type":"article","og_title":"Urbaniak Pawe\u0142 &#8211; Fundacja Historyczna Lotnictwa Polskiego - Materia\u0142y z konferencji popularnonaukowej \u201eHistoria Skrzyd\u0142ami Malowana\u201d","og_description":"Materia\u0142y z konferencji popularnonaukowej \u201eHistoria Skrzyd\u0142ami Malowana\u201d odbywaj\u0105cej si\u0119 dorocznie w Koszalinie.","og_url":"http:\/\/fhlp.org\/konferencja\/urbaniak-pawel\/","og_site_name":"Fundacja Historyczna Lotnictwa Polskiego - Materia\u0142y z konferencji popularnonaukowej \u201eHistoria Skrzyd\u0142ami Malowana\u201d","article_publisher":"https:\/\/www.facebook.com\/Fundacja.Historyczna.Lotnictwa.Polskiego","article_modified_time":"2024-12-02T15:04:36+00:00","twitter_card":"summary_large_image","twitter_misc":{"Szacowany czas czytania":"1 minuta"},"schema":{"@context":"https:\/\/schema.org","@graph":[{"@type":"WebPage","@id":"http:\/\/fhlp.org\/konferencja\/urbaniak-pawel\/","url":"http:\/\/fhlp.org\/konferencja\/urbaniak-pawel\/","name":"Urbaniak Pawe\u0142 &#8211; Fundacja Historyczna Lotnictwa Polskiego - Materia\u0142y z konferencji popularnonaukowej \u201eHistoria Skrzyd\u0142ami Malowana\u201d","isPartOf":{"@id":"http:\/\/fhlp.org\/konferencja\/#website"},"datePublished":"2024-11-30T00:52:49+00:00","dateModified":"2024-12-02T15:04:36+00:00","description":"Materia\u0142y z konferencji popularnonaukowej \u201eHistoria Skrzyd\u0142ami Malowana\u201d odbywaj\u0105cej si\u0119 dorocznie w Koszalinie.","breadcrumb":{"@id":"http:\/\/fhlp.org\/konferencja\/urbaniak-pawel\/#breadcrumb"},"inLanguage":"pl-PL","potentialAction":[{"@type":"ReadAction","target":["http:\/\/fhlp.org\/konferencja\/urbaniak-pawel\/"]}]},{"@type":"BreadcrumbList","@id":"http:\/\/fhlp.org\/konferencja\/urbaniak-pawel\/#breadcrumb","itemListElement":[{"@type":"ListItem","position":1,"name":"Strona g\u0142\u00f3wna","item":"http:\/\/fhlp.org\/konferencja\/"},{"@type":"ListItem","position":2,"name":"Urbaniak Pawe\u0142"}]},{"@type":"WebSite","@id":"http:\/\/fhlp.org\/konferencja\/#website","url":"http:\/\/fhlp.org\/konferencja\/","name":"Fundacja Historyczna Lotnictwa Polskiego","description":"","publisher":{"@id":"http:\/\/fhlp.org\/konferencja\/#organization"},"potentialAction":[{"@type":"SearchAction","target":{"@type":"EntryPoint","urlTemplate":"http:\/\/fhlp.org\/konferencja\/?s={search_term_string}"},"query-input":{"@type":"PropertyValueSpecification","valueRequired":true,"valueName":"search_term_string"}}],"inLanguage":"pl-PL"},{"@type":"Organization","@id":"http:\/\/fhlp.org\/konferencja\/#organization","name":"Fundacja Historyczna Lotnictwa Polskiego","url":"http:\/\/fhlp.org\/konferencja\/","logo":{"@type":"ImageObject","inLanguage":"pl-PL","@id":"http:\/\/fhlp.org\/konferencja\/#\/schema\/logo\/image\/","url":"http:\/\/fhlp.org\/konferencja\/wp-content\/uploads\/2024\/12\/Koszalin_2023_okladka_small.jpg","contentUrl":"http:\/\/fhlp.org\/konferencja\/wp-content\/uploads\/2024\/12\/Koszalin_2023_okladka_small.jpg","width":200,"height":288,"caption":"Fundacja Historyczna Lotnictwa Polskiego"},"image":{"@id":"http:\/\/fhlp.org\/konferencja\/#\/schema\/logo\/image\/"},"sameAs":["https:\/\/www.facebook.com\/Fundacja.Historyczna.Lotnictwa.Polskiego"]}]}},"_links":{"self":[{"href":"http:\/\/fhlp.org\/konferencja\/wp-json\/wp\/v2\/pages\/765","targetHints":{"allow":["GET"]}}],"collection":[{"href":"http:\/\/fhlp.org\/konferencja\/wp-json\/wp\/v2\/pages"}],"about":[{"href":"http:\/\/fhlp.org\/konferencja\/wp-json\/wp\/v2\/types\/page"}],"author":[{"embeddable":true,"href":"http:\/\/fhlp.org\/konferencja\/wp-json\/wp\/v2\/users\/1"}],"replies":[{"embeddable":true,"href":"http:\/\/fhlp.org\/konferencja\/wp-json\/wp\/v2\/comments?post=765"}],"version-history":[{"count":1,"href":"http:\/\/fhlp.org\/konferencja\/wp-json\/wp\/v2\/pages\/765\/revisions"}],"predecessor-version":[{"id":885,"href":"http:\/\/fhlp.org\/konferencja\/wp-json\/wp\/v2\/pages\/765\/revisions\/885"}],"wp:attachment":[{"href":"http:\/\/fhlp.org\/konferencja\/wp-json\/wp\/v2\/media?parent=765"}],"curies":[{"name":"wp","href":"https:\/\/api.w.org\/{rel}","templated":true}]}}